{"id":934,"date":"2025-02-27T14:32:55","date_gmt":"2025-02-27T13:32:55","guid":{"rendered":"https:\/\/typo-quelle.ch\/?page_id=934"},"modified":"2025-03-23T12:03:11","modified_gmt":"2025-03-23T11:03:11","slug":"kontakt","status":"publish","type":"page","link":"https:\/\/typo-quelle.ch\/fr\/kontakt\/","title":{"rendered":"Kontakt"},"content":{"rendered":"<div data-elementor-type=\"wp-page\" data-elementor-id=\"934\" class=\"elementor elementor-934\" data-elementor-post-type=\"page\">\n\t\t\t\t\t\t<section class=\"elementor-section elementor-top-section elementor-element elementor-element-4504f12 elementor-section-boxed elementor-section-height-default elementor-section-height-default\" data-id=\"4504f12\" data-element_type=\"section\" data-settings=\"{&quot;background_background&quot;:&quot;classic&quot;}\">\n\t\t\t\t\t\t<div class=\"elementor-container elementor-column-gap-default\">\n\t\t\t\t\t<div class=\"elementor-column elementor-col-100 elementor-top-column elementor-element elementor-element-cc8d461\" data-id=\"cc8d461\" data-element_type=\"column\">\n\t\t\t<div class=\"elementor-widget-wrap elementor-element-populated\">\n\t\t\t\t\t\t<div class=\"elementor-element elementor-element-8bee04d elementor-widget elementor-widget-heading\" data-id=\"8bee04d\" data-element_type=\"widget\" data-widget_type=\"heading.default\">\n\t\t\t\t<div class=\"elementor-widget-container\">\n\t\t\t\t\t<h1 class=\"elementor-heading-title elementor-size-default\">Kontakt<\/h1>\t\t\t\t<\/div>\n\t\t\t\t<\/div>\n\t\t\t\t\t<\/div>\n\t\t<\/div>\n\t\t\t\t\t<\/div>\n\t\t<\/section>\n\t\t\t\t<section class=\"elementor-section elementor-top-section elementor-element elementor-element-3b80c52 elementor-section-boxed elementor-section-height-default elementor-section-height-default\" data-id=\"3b80c52\" data-element_type=\"section\" data-settings=\"{&quot;background_background&quot;:&quot;classic&quot;}\">\n\t\t\t\t\t\t<div class=\"elementor-container elementor-column-gap-default\">\n\t\t\t\t\t<div class=\"elementor-column elementor-col-33 elementor-top-column elementor-element elementor-element-1dcb0b5\" data-id=\"1dcb0b5\" data-element_type=\"column\">\n\t\t\t<div class=\"elementor-widget-wrap elementor-element-populated\">\n\t\t\t\t\t\t<div class=\"elementor-element elementor-element-14aa935 elementor-widget elementor-widget-image\" data-id=\"14aa935\" data-element_type=\"widget\" data-widget_type=\"image.default\">\n\t\t\t\t<div class=\"elementor-widget-container\">\n\t\t\t\t\t\t\t\t\t\t\t\t\t\t\t<img fetchpriority=\"high\" decoding=\"async\" width=\"500\" height=\"667\" src=\"https:\/\/typo-quelle.ch\/wp-content\/uploads\/2025\/03\/Karin_Rutschmann_Juraubek.jpg\" class=\"attachment-medium_large size-medium_large wp-image-1125\" alt=\"\" srcset=\"https:\/\/typo-quelle.ch\/wp-content\/uploads\/2025\/03\/Karin_Rutschmann_Juraubek.jpg 500w, https:\/\/typo-quelle.ch\/wp-content\/uploads\/2025\/03\/Karin_Rutschmann_Juraubek-225x300.jpg 225w, https:\/\/typo-quelle.ch\/wp-content\/uploads\/2025\/03\/Karin_Rutschmann_Juraubek-9x12.jpg 9w\" sizes=\"(max-width: 500px) 100vw, 500px\" \/>\t\t\t\t\t\t\t\t\t\t\t\t\t\t\t<\/div>\n\t\t\t\t<\/div>\n\t\t\t\t\t<\/div>\n\t\t<\/div>\n\t\t\t\t<div class=\"elementor-column elementor-col-66 elementor-top-column elementor-element elementor-element-53ac235\" data-id=\"53ac235\" data-element_type=\"column\">\n\t\t\t<div class=\"elementor-widget-wrap elementor-element-populated\">\n\t\t\t\t\t\t<div class=\"elementor-element elementor-element-c4b859f elementor-widget elementor-widget-heading\" data-id=\"c4b859f\" data-element_type=\"widget\" data-widget_type=\"heading.default\">\n\t\t\t\t<div class=\"elementor-widget-container\">\n\t\t\t\t\t<p class=\"elementor-heading-title elementor-size-default\"><span style=\"font-weight: 400; white-space-collapse: collapse;\">Kajuka<\/span><\/p>\t\t\t\t<\/div>\n\t\t\t\t<\/div>\n\t\t\t\t<div class=\"elementor-element elementor-element-3c1cef8 elementor-widget elementor-widget-text-editor\" data-id=\"3c1cef8\" data-element_type=\"widget\" data-widget_type=\"text-editor.default\">\n\t\t\t\t<div class=\"elementor-widget-container\">\n\t\t\t\t\t\t\t\t\t<div id=\"block-yui_3_17_2_1_1568457473305_11681\" class=\"sqs-block html-block sqs-block-html\" data-block-type=\"2\" data-border-radii=\"{&quot;topLeft&quot;:{&quot;unit&quot;:&quot;px&quot;,&quot;value&quot;:0.0},&quot;topRight&quot;:{&quot;unit&quot;:&quot;px&quot;,&quot;value&quot;:0.0},&quot;bottomLeft&quot;:{&quot;unit&quot;:&quot;px&quot;,&quot;value&quot;:0.0},&quot;bottomRight&quot;:{&quot;unit&quot;:&quot;px&quot;,&quot;value&quot;:0.0}}\"><div class=\"sqs-block-content\"><div class=\"sqs-html-content\"><p class=\"\">Karin Rutschmann<br \/>Fauvel<br \/>12270 NajAC<br \/>FRANCE<\/p><p class=\"\">Telefon: 0033 6 08 74 50 40<\/p><p class=\"\">mail: info@kajuka.ch<\/p><\/div><\/div><\/div>\t\t\t\t\t\t\t\t<\/div>\n\t\t\t\t<\/div>\n\t\t\t\t<div class=\"elementor-element elementor-element-2cf4a94 elementor-widget elementor-widget-heading\" data-id=\"2cf4a94\" data-element_type=\"widget\" data-widget_type=\"heading.default\">\n\t\t\t\t<div class=\"elementor-widget-container\">\n\t\t\t\t\t<p class=\"elementor-heading-title elementor-size-default\"><span style=\"font-weight: 400; white-space-collapse: collapse;\">\u00c0 propos de Karin<\/span><\/p>\t\t\t\t<\/div>\n\t\t\t\t<\/div>\n\t\t\t\t<div class=\"elementor-element elementor-element-2cbb261 elementor-widget elementor-widget-text-editor\" data-id=\"2cbb261\" data-element_type=\"widget\" data-widget_type=\"text-editor.default\">\n\t\t\t\t<div class=\"elementor-widget-container\">\n\t\t\t\t\t\t\t\t\t<p>Mon travail vise \u00e0 exprimer artistiquement la perception multidimensionnelle des choses. C'est pourquoi mes tableaux sont compos\u00e9s de diff\u00e9rentes couches et plans. Pour cela, je combine techniques et mat\u00e9riaux vari\u00e9s. Les couleurs et les formes s'imbriquent comme pens\u00e9es, sentiments ou souvenirs. Des \u00e9l\u00e9ments concrets sont plac\u00e9s dans un nouveau contexte. Je m'int\u00e9resse \u00e0 la fronti\u00e8re subtile entre rationalit\u00e9 et intuition, trait et couleur, forme et substance.\n\nLa toile est un face-\u00e0-face authentique et stimulant et nos confrontations sont toujours passionn\u00e9es et intenses. Parfois, l'inspiration se laisse concr\u00e9tiser de fa\u00e7on fluide ; d'autres fois, il faut faire preuve de courage et de combativit\u00e9. \nParfois, le processus et mon rapport \u00e0 la peinture rappelle \u00e0 la remont\u00e9e d\u2019une trouvaille des profondeurs. Un cadeau.\n\nMon savoir-faire s'est forg\u00e9 au cours de mes nombreuses initiale et continue en design couleur et en art-th\u00e9rapie mais surtout au travers de dizaines d'ann\u00e9es de r\u00e9flexion et pratique sur la peinture en tant que telle. J'ai \u00e9galement d\u00e9di\u00e9 ces 20 derni\u00e8res ann\u00e9es \u00e0 la pratique de l'art-th\u00e9rapie en milieu psychiatrique.\n\nR\u00e9sidant en Suisse jusqu'en 2019, j'ai pr\u00e9sent\u00e9 mes \u0153uvres dans de nombreuses expositions et \u00e9galement exp\u00e9riment\u00e9 des installations et performances.<\/p><p>La toile est un face-\u00e0-face authentique et stimulant et nos confrontations sont toujours passionn\u00e9es et intenses. Parfois, l'inspiration se laisse concr\u00e9tiser de fa\u00e7on fluide ; d'autres fois, il faut faire preuve de courage et de combativit\u00e9. \nParfois, le processus et mon rapport \u00e0 la peinture rappelle \u00e0 la remont\u00e9e d\u2019une trouvaille des profondeurs. Un cadeau.<\/p><p>Mon savoir-faire s'est forg\u00e9 au cours de mes nombreuses initiale et continue en design couleur et en art-th\u00e9rapie mais surtout au travers de dizaines d'ann\u00e9es de r\u00e9flexion et pratique sur la peinture en tant que telle. J'ai \u00e9galement d\u00e9di\u00e9 ces 20 derni\u00e8res ann\u00e9es \u00e0 la pratique de l'art-th\u00e9rapie en milieu psychiatrique.<\/p><p>R\u00e9sidant en Suisse jusqu'en 2019, j'ai pr\u00e9sent\u00e9 mes \u0153uvres dans de nombreuses expositions et \u00e9galement exp\u00e9riment\u00e9 des installations et performances.<\/p>\t\t\t\t\t\t\t\t<\/div>\n\t\t\t\t<\/div>\n\t\t\t\t\t<\/div>\n\t\t<\/div>\n\t\t\t\t\t<\/div>\n\t\t<\/section>\n\t\t\t\t<\/div>","protected":false},"excerpt":{"rendered":"<p>Kontakt Kajuka Karin RutschmannFauvel12270 NajACFRANCE Telefon: 0033 6 08 74 50 40 mail: info@kajuka.ch \u00dcber meine Bilder und mich Ich versuche eine ganzheitliche Wahrnehmung der Dinge k\u00fcnstlerisch zum Ausdruck zu bringen. Deshalb bestehen meine Bilder aus diversen Schichten und Ebenen. Dabei bediene ich mich verschiedener Techniken und Materialien. Farben und Formen legen sich wie Gedanken, [&hellip;]<\/p>","protected":false},"author":2,"featured_media":0,"parent":0,"menu_order":0,"comment_status":"closed","ping_status":"closed","template":"elementor_header_footer","meta":{"footnotes":""},"class_list":["post-934","page","type-page","status-publish","hentry"],"_links":{"self":[{"href":"https:\/\/typo-quelle.ch\/fr\/wp-json\/wp\/v2\/pages\/934","targetHints":{"allow":["GET"]}}],"collection":[{"href":"https:\/\/typo-quelle.ch\/fr\/wp-json\/wp\/v2\/pages"}],"about":[{"href":"https:\/\/typo-quelle.ch\/fr\/wp-json\/wp\/v2\/types\/page"}],"author":[{"embeddable":true,"href":"https:\/\/typo-quelle.ch\/fr\/wp-json\/wp\/v2\/users\/2"}],"replies":[{"embeddable":true,"href":"https:\/\/typo-quelle.ch\/fr\/wp-json\/wp\/v2\/comments?post=934"}],"version-history":[{"count":80,"href":"https:\/\/typo-quelle.ch\/fr\/wp-json\/wp\/v2\/pages\/934\/revisions"}],"predecessor-version":[{"id":1251,"href":"https:\/\/typo-quelle.ch\/fr\/wp-json\/wp\/v2\/pages\/934\/revisions\/1251"}],"wp:attachment":[{"href":"https:\/\/typo-quelle.ch\/fr\/wp-json\/wp\/v2\/media?parent=934"}],"curies":[{"name":"wp","href":"https:\/\/api.w.org\/{rel}","templated":true}]}}